{"id":554,"date":"2025-09-03T17:59:44","date_gmt":"2025-09-03T17:59:44","guid":{"rendered":"https:\/\/bookings-icold-mexico-26.com\/confirmation-de-reservation\/transaction-echouee\/"},"modified":"2025-09-03T17:59:44","modified_gmt":"2025-09-03T17:59:44","slug":"transaction-echouee","status":"publish","type":"page","link":"https:\/\/bookings-icold-mexico-26.com\/fr\/confirmation-de-reservation\/transaction-echouee\/","title":{"rendered":"Transaction \u00e9chou\u00e9e"},"content":{"rendered":"<p>Malheureusement, votre transaction ne peut pas \u00eatre compl\u00e9t\u00e9e pour le moment. Veuillez r\u00e9essayer ou nous contacter.<\/p>\n","protected":false},"excerpt":{"rendered":"<p>Malheureusement, votre transaction ne peut pas \u00eatre compl\u00e9t\u00e9e pour le moment. Veuillez r\u00e9essayer ou nous contacter.<\/p>\n","protected":false},"author":1,"featured_media":0,"parent":539,"menu_order":0,"comment_status":"closed","ping_status":"closed","template":"","meta":{"footnotes":""},"class_list":["post-554","page","type-page","status-publish","hentry"],"_links":{"self":[{"href":"https:\/\/bookings-icold-mexico-26.com\/fr\/wp-json\/wp\/v2\/pages\/554","targetHints":{"allow":["GET"]}}],"collection":[{"href":"https:\/\/bookings-icold-mexico-26.com\/fr\/wp-json\/wp\/v2\/pages"}],"about":[{"href":"https:\/\/bookings-icold-mexico-26.com\/fr\/wp-json\/wp\/v2\/types\/page"}],"author":[{"embeddable":true,"href":"https:\/\/bookings-icold-mexico-26.com\/fr\/wp-json\/wp\/v2\/users\/1"}],"replies":[{"embeddable":true,"href":"https:\/\/bookings-icold-mexico-26.com\/fr\/wp-json\/wp\/v2\/comments?post=554"}],"version-history":[{"count":0,"href":"https:\/\/bookings-icold-mexico-26.com\/fr\/wp-json\/wp\/v2\/pages\/554\/revisions"}],"up":[{"embeddable":true,"href":"https:\/\/bookings-icold-mexico-26.com\/fr\/wp-json\/wp\/v2\/pages\/539"}],"wp:attachment":[{"href":"https:\/\/bookings-icold-mexico-26.com\/fr\/wp-json\/wp\/v2\/media?parent=554"}],"curies":[{"name":"wp","href":"https:\/\/api.w.org\/{rel}","templated":true}]}}