{"id":543,"date":"2025-09-03T17:59:44","date_gmt":"2025-09-03T17:59:44","guid":{"rendered":"https:\/\/bookings-icold-mexico-26.com\/confirmation-de-reservation\/reservation-recue\/"},"modified":"2025-10-10T03:37:58","modified_gmt":"2025-10-10T03:37:58","slug":"reservation-recue","status":"publish","type":"page","link":"https:\/\/bookings-icold-mexico-26.com\/fr\/confirmation-de-reservation\/reservation-recue\/","title":{"rendered":"R\u00e9servation re\u00e7ue"},"content":{"rendered":"\t\t<div data-elementor-type=\"wp-page\" data-elementor-id=\"543\" class=\"elementor elementor-543 elementor-184\" data-elementor-post-type=\"page\">\n\t\t\t\t<div class=\"elementor-element elementor-element-1fe3bd2 e-flex e-con-boxed e-con e-parent\" data-id=\"1fe3bd2\" data-element_type=\"container\" data-settings=\"{&quot;background_background&quot;:&quot;classic&quot;}\">\n\t\t\t\t\t<div class=\"e-con-inner\">\n\t\t\t\t<div class=\"elementor-element elementor-element-c7d7d86 elementor-widget elementor-widget-heading\" data-id=\"c7d7d86\" data-element_type=\"widget\" data-widget_type=\"heading.default\">\n\t\t\t\t\t<h3 class=\"elementor-heading-title elementor-size-default\">R\u00c9SERVATION RE\u00c7UE<\/h3>\t\t\t\t<\/div>\n\t\t\t\t<div class=\"elementor-element elementor-element-fae2ba4 elementor-widget elementor-widget-text-editor\" data-id=\"fae2ba4\" data-element_type=\"widget\" data-widget_type=\"text-editor.default\">\n\t\t\t\t\t\t\t\t\t<p>Demande de r\u00e9servation termin\u00e9e<\/p>\t\t\t\t\t\t\t\t<\/div>\n\t\t\t\t<div class=\"elementor-element elementor-element-31d5823 elementor-widget elementor-widget-button\" data-id=\"31d5823\" data-element_type=\"widget\" data-widget_type=\"button.default\">\n\t\t\t\t\t\t\t\t\t\t<a class=\"elementor-button elementor-button-link elementor-size-sm\" href=\"https:\/\/www.icoldmexico2026.com\">\n\t\t\t\t\t\t<span class=\"elementor-button-content-wrapper\">\n\t\t\t\t\t\t\t\t\t<span class=\"elementor-button-text\">Retourner sur le site web ICOLD 26<\/span>\n\t\t\t\t\t<\/span>\n\t\t\t\t\t<\/a>\n\t\t\t\t\t\t\t\t<\/div>\n\t\t\t\t\t<\/div>\n\t\t\t\t<\/div>\n\t\t<div class=\"elementor-element elementor-element-465aa95 e-flex e-con-boxed e-con e-parent\" data-id=\"465aa95\" data-element_type=\"container\">\n\t\t\t\t\t<div class=\"e-con-inner\">\n\t\t<div class=\"elementor-element elementor-element-fe965f5 e-con-full e-flex e-con e-child\" data-id=\"fe965f5\" data-element_type=\"container\">\n\t\t\t\t<div class=\"elementor-element elementor-element-3d69dbd elementor-widget elementor-widget-mphbe-booking-confirmation\" data-id=\"3d69dbd\" data-element_type=\"widget\" data-widget_type=\"mphbe-booking-confirmation.default\">\n\t\t\t\t<div class=\"elementor-widget-container\">\n\t\t\t\t\t<div class=\"mphb_sc_booking_confirmation\"><\/div>\t\t\t\t<\/div>\n\t\t\t\t<\/div>\n\t\t\t\t<div class=\"elementor-element elementor-element-1be340f elementor-widget elementor-widget-button\" data-id=\"1be340f\" data-element_type=\"widget\" data-widget_type=\"button.default\">\n\t\t\t\t\t\t\t\t\t\t<a class=\"elementor-button elementor-button-link elementor-size-sm\" href=\"https:\/\/www.icoldmexico2026.com\">\n\t\t\t\t\t\t<span class=\"elementor-button-content-wrapper\">\n\t\t\t\t\t\t\t\t\t<span class=\"elementor-button-text\">Retourner sur le site web ICOLD 26<\/span>\n\t\t\t\t\t<\/span>\n\t\t\t\t\t<\/a>\n\t\t\t\t\t\t\t\t<\/div>\n\t\t\t\t<\/div>\n\t\t\t\t\t<\/div>\n\t\t\t\t<\/div>\n\t\t<div class=\"elementor-element elementor-element-34e44c7 e-flex e-con-boxed e-con e-parent\" data-id=\"34e44c7\" data-element_type=\"container\">\n\t\t\t\t\t<div class=\"e-con-inner\">\n\t\t\t\t<div class=\"elementor-element elementor-element-1c59ca3 elementor-widget elementor-widget-text-editor\" data-id=\"1c59ca3\" data-element_type=\"widget\" data-widget_type=\"text-editor.default\">\n\t\t\t\t\t\t\t\t\t<p style=\"text-align: center;\">Pour tout changement, question ou assistance suppl\u00e9mentaire, veuillez contacter :<br>\n  <strong>Carlos Aguirre<\/strong>\n  <br>+52 555148 7582<br>caguirre@tycgroup.com\n<\/p>\t\t\t\t\t\t\t\t<\/div>\n\t\t\t\t\t<\/div>\n\t\t\t\t<\/div>\n\t\t\t\t<\/div>\n\t\t","protected":false},"excerpt":{"rendered":"<p>R\u00c9SERVATION RE\u00c7UE Demande de r\u00e9servation termin\u00e9e Retourner sur le site web ICOLD 26 Retourner sur le site web ICOLD 26 Pour tout changement, question ou assistance suppl\u00e9mentaire, veuillez contacter : Carlos Aguirre +52 555148 7582caguirre@tycgroup.com<\/p>\n","protected":false},"author":1,"featured_media":0,"parent":539,"menu_order":0,"comment_status":"closed","ping_status":"closed","template":"","meta":{"footnotes":""},"class_list":["post-543","page","type-page","status-publish","hentry"],"_links":{"self":[{"href":"https:\/\/bookings-icold-mexico-26.com\/fr\/wp-json\/wp\/v2\/pages\/543","targetHints":{"allow":["GET"]}}],"collection":[{"href":"https:\/\/bookings-icold-mexico-26.com\/fr\/wp-json\/wp\/v2\/pages"}],"about":[{"href":"https:\/\/bookings-icold-mexico-26.com\/fr\/wp-json\/wp\/v2\/types\/page"}],"author":[{"embeddable":true,"href":"https:\/\/bookings-icold-mexico-26.com\/fr\/wp-json\/wp\/v2\/users\/1"}],"replies":[{"embeddable":true,"href":"https:\/\/bookings-icold-mexico-26.com\/fr\/wp-json\/wp\/v2\/comments?post=543"}],"version-history":[{"count":3,"href":"https:\/\/bookings-icold-mexico-26.com\/fr\/wp-json\/wp\/v2\/pages\/543\/revisions"}],"predecessor-version":[{"id":1023,"href":"https:\/\/bookings-icold-mexico-26.com\/fr\/wp-json\/wp\/v2\/pages\/543\/revisions\/1023"}],"up":[{"embeddable":true,"href":"https:\/\/bookings-icold-mexico-26.com\/fr\/wp-json\/wp\/v2\/pages\/539"}],"wp:attachment":[{"href":"https:\/\/bookings-icold-mexico-26.com\/fr\/wp-json\/wp\/v2\/media?parent=543"}],"curies":[{"name":"wp","href":"https:\/\/api.w.org\/{rel}","templated":true}]}}