{"id":1245,"date":"2025-09-01T17:00:14","date_gmt":"2025-09-01T17:00:14","guid":{"rendered":"https:\/\/bookings-icold-mexico-26.com\/politiques-de-reservation-2\/"},"modified":"2025-10-22T16:51:52","modified_gmt":"2025-10-22T16:51:52","slug":"politiques-de-reservation-2","status":"publish","type":"page","link":"https:\/\/bookings-icold-mexico-26.com\/fr\/politiques-de-reservation-2\/","title":{"rendered":"Politiques de r\u00e9servation"},"content":{"rendered":"\t\t<div data-elementor-type=\"wp-page\" data-elementor-id=\"1245\" class=\"elementor elementor-1245 elementor-3\" data-elementor-post-type=\"page\">\n\t\t\t\t<div class=\"elementor-element elementor-element-1b60c541 e-flex e-con-boxed e-con e-parent\" data-id=\"1b60c541\" data-element_type=\"container\">\n\t\t\t\t\t<div class=\"e-con-inner\">\n\t\t<div class=\"elementor-element elementor-element-f596b0d e-con-full e-flex e-con e-child\" data-id=\"f596b0d\" data-element_type=\"container\">\n\t\t\t\t<div class=\"elementor-element elementor-element-14a19bf elementor-widget elementor-widget-heading\" data-id=\"14a19bf\" data-element_type=\"widget\" data-widget_type=\"heading.default\">\n\t\t\t\t\t<h5 class=\"elementor-heading-title elementor-size-default\">Politiques de r\u00e9servation<\/h5>\t\t\t\t<\/div>\n\t\t\t\t<div class=\"elementor-element elementor-element-1f4e49f elementor-widget-divider--view-line elementor-widget elementor-widget-divider\" data-id=\"1f4e49f\" data-element_type=\"widget\" data-widget_type=\"divider.default\">\n\t\t\t\t\t\t\t<div class=\"elementor-divider\">\n\t\t\t<span class=\"elementor-divider-separator\">\n\t\t\t\t\t\t<\/span>\n\t\t<\/div>\n\t\t\t\t\t\t<\/div>\n\t\t<div class=\"elementor-element elementor-element-4903648 e-con-full e-flex e-con e-child\" data-id=\"4903648\" data-element_type=\"container\">\n\t\t\t\t<div class=\"elementor-element elementor-element-1b07d89 elementor-widget elementor-widget-text-editor\" data-id=\"1b07d89\" data-element_type=\"widget\" data-widget_type=\"text-editor.default\">\n\t\t\t\t\t\t\t\t\t<p><strong>Arriv\u00e9e anticip\u00e9e et d\u00e9part tardif<\/strong><\/p><p>Si une arriv\u00e9e anticip\u00e9e est n\u00e9cessaire, elle sera examin\u00e9e en fonction de votre r\u00e9servation et, si la disponibilit\u00e9 le permet, la chambre sera attribu\u00e9e gratuitement. La m\u00eame r\u00e8gle s&rsquo;applique au d\u00e9part tardif.<\/p><p><strong>D\u00c9PARTS ANTICIP\u00c9S<\/strong><\/p><p>Le comit\u00e9 organisateur s&rsquo;engage \u00e0 informer les clients que les d\u00e9parts anticip\u00e9s entra\u00eeneront la facturation du montant TOTAL du s\u00e9jour r\u00e9serv\u00e9, taxes comprises, sur le compte principal ou les garanties individuelles, selon le cas.<\/p><p><strong>ARRIV\u00c9ES ANTICIP\u00c9ES ET D\u00c9PARTS TARDIFS<\/strong><\/p><p>Toute arriv\u00e9e anticip\u00e9e et\/ou d\u00e9part tardif en plus de ce qui est stipul\u00e9 dans ce contrat n&rsquo;annulera pas les frais de no-show et ne sera pas ajout\u00e9 aux frais de prise en charge journaliers selon les politiques d&rsquo;annulation, \u00e9tant donn\u00e9 que le blocage dans le contrat a \u00e9t\u00e9 demand\u00e9 avec un nombre sp\u00e9cifique de chambres par nuit.<\/p><p><strong>ANNULATIONS<\/strong><\/p><p>Apr\u00e8s le 27 f\u00e9vrier 2026, toute annulation re\u00e7ue entra\u00eenera des frais de p\u00e9nalit\u00e9 pour la totalit\u00e9 du s\u00e9jour, taxes incluses, comme pour un no-show.<\/p><p><strong>IMPORTANT<\/strong><\/p><p>Une fois votre paiement effectu\u00e9, que ce soit par Stripe, PayPal ou virement bancaire, il sera refl\u00e9t\u00e9 sur le compte d&rsquo;ICOLD Mexique dans un d\u00e9lai de 48 \u00e0 72 heures ouvrables.<\/p><p>Si une facture a \u00e9t\u00e9 demand\u00e9e, elle sera \u00e9mise et envoy\u00e9e une fois le paiement confirm\u00e9.<\/p>\t\t\t\t\t\t\t\t<\/div>\n\t\t\t\t<\/div>\n\t\t\t\t<\/div>\n\t\t\t\t\t<\/div>\n\t\t\t\t<\/div>\n\t\t\t\t<\/div>\n\t\t","protected":false},"excerpt":{"rendered":"<p>Politiques de r\u00e9servation Arriv\u00e9e anticip\u00e9e et d\u00e9part tardif Si une arriv\u00e9e anticip\u00e9e est n\u00e9cessaire, elle sera examin\u00e9e en fonction de votre r\u00e9servation et, si la disponibilit\u00e9 le permet, la chambre sera attribu\u00e9e gratuitement. La m\u00eame r\u00e8gle s&rsquo;applique au d\u00e9part tardif. D\u00c9PARTS ANTICIP\u00c9S Le comit\u00e9 organisateur s&rsquo;engage \u00e0 informer les clients que les d\u00e9parts anticip\u00e9s entra\u00eeneront [&hellip;]<\/p>\n","protected":false},"author":1,"featured_media":0,"parent":0,"menu_order":0,"comment_status":"closed","ping_status":"open","template":"","meta":{"footnotes":""},"class_list":["post-1245","page","type-page","status-publish","hentry"],"_links":{"self":[{"href":"https:\/\/bookings-icold-mexico-26.com\/fr\/wp-json\/wp\/v2\/pages\/1245","targetHints":{"allow":["GET"]}}],"collection":[{"href":"https:\/\/bookings-icold-mexico-26.com\/fr\/wp-json\/wp\/v2\/pages"}],"about":[{"href":"https:\/\/bookings-icold-mexico-26.com\/fr\/wp-json\/wp\/v2\/types\/page"}],"author":[{"embeddable":true,"href":"https:\/\/bookings-icold-mexico-26.com\/fr\/wp-json\/wp\/v2\/users\/1"}],"replies":[{"embeddable":true,"href":"https:\/\/bookings-icold-mexico-26.com\/fr\/wp-json\/wp\/v2\/comments?post=1245"}],"version-history":[{"count":1,"href":"https:\/\/bookings-icold-mexico-26.com\/fr\/wp-json\/wp\/v2\/pages\/1245\/revisions"}],"predecessor-version":[{"id":1246,"href":"https:\/\/bookings-icold-mexico-26.com\/fr\/wp-json\/wp\/v2\/pages\/1245\/revisions\/1246"}],"wp:attachment":[{"href":"https:\/\/bookings-icold-mexico-26.com\/fr\/wp-json\/wp\/v2\/media?parent=1245"}],"curies":[{"name":"wp","href":"https:\/\/api.w.org\/{rel}","templated":true}]}}