{"id":548,"date":"2025-09-03T17:59:44","date_gmt":"2025-09-03T17:59:44","guid":{"rendered":"https:\/\/bookings-icold-mexico-26.com\/confirmacion-de-la-reserva\/transaccion-fallida\/"},"modified":"2025-09-03T17:59:44","modified_gmt":"2025-09-03T17:59:44","slug":"transaccion-fallida","status":"publish","type":"page","link":"https:\/\/bookings-icold-mexico-26.com\/es\/confirmacion-de-la-reserva\/transaccion-fallida\/","title":{"rendered":"Transacci\u00f3n fallida"},"content":{"rendered":"<p>Desafortunadamente, su transacci\u00f3n no se puede completar en este momento. Por favor, int\u00e9ntelo de nuevo o p\u00f3ngase en contacto con nosotros.<\/p>\n","protected":false},"excerpt":{"rendered":"<p>Desafortunadamente, su transacci\u00f3n no se puede completar en este momento. Por favor, int\u00e9ntelo de nuevo o p\u00f3ngase en contacto con nosotros.<\/p>\n","protected":false},"author":1,"featured_media":0,"parent":537,"menu_order":0,"comment_status":"closed","ping_status":"closed","template":"","meta":{"footnotes":""},"class_list":["post-548","page","type-page","status-publish","hentry"],"_links":{"self":[{"href":"https:\/\/bookings-icold-mexico-26.com\/es\/wp-json\/wp\/v2\/pages\/548","targetHints":{"allow":["GET"]}}],"collection":[{"href":"https:\/\/bookings-icold-mexico-26.com\/es\/wp-json\/wp\/v2\/pages"}],"about":[{"href":"https:\/\/bookings-icold-mexico-26.com\/es\/wp-json\/wp\/v2\/types\/page"}],"author":[{"embeddable":true,"href":"https:\/\/bookings-icold-mexico-26.com\/es\/wp-json\/wp\/v2\/users\/1"}],"replies":[{"embeddable":true,"href":"https:\/\/bookings-icold-mexico-26.com\/es\/wp-json\/wp\/v2\/comments?post=548"}],"version-history":[{"count":0,"href":"https:\/\/bookings-icold-mexico-26.com\/es\/wp-json\/wp\/v2\/pages\/548\/revisions"}],"up":[{"embeddable":true,"href":"https:\/\/bookings-icold-mexico-26.com\/es\/wp-json\/wp\/v2\/pages\/537"}],"wp:attachment":[{"href":"https:\/\/bookings-icold-mexico-26.com\/es\/wp-json\/wp\/v2\/media?parent=548"}],"curies":[{"name":"wp","href":"https:\/\/api.w.org\/{rel}","templated":true}]}}