{"id":537,"date":"2025-09-03T17:59:44","date_gmt":"2025-09-03T17:59:44","guid":{"rendered":"https:\/\/bookings-icold-mexico-26.com\/confirmacion-de-la-reserva\/"},"modified":"2025-09-07T21:19:46","modified_gmt":"2025-09-07T21:19:46","slug":"confirmacion-de-la-reserva","status":"publish","type":"page","link":"https:\/\/bookings-icold-mexico-26.com\/es\/confirmacion-de-la-reserva\/","title":{"rendered":"Confirmaci\u00f3n de la reserva"},"content":{"rendered":"\t\t<div data-elementor-type=\"wp-page\" data-elementor-id=\"537\" class=\"elementor elementor-537 elementor-181\" data-elementor-post-type=\"page\">\n\t\t\t\t<div class=\"elementor-element elementor-element-e956a7c e-flex e-con-boxed e-con e-parent\" data-id=\"e956a7c\" data-element_type=\"container\" data-settings=\"{&quot;background_background&quot;:&quot;classic&quot;}\">\n\t\t\t\t\t<div class=\"e-con-inner\">\n\t\t\t\t<div class=\"elementor-element elementor-element-31f620c elementor-widget elementor-widget-heading\" data-id=\"31f620c\" data-element_type=\"widget\" data-widget_type=\"heading.default\">\n\t\t\t\t\t<h3 class=\"elementor-heading-title elementor-size-default\">Confirmaci\u00f3n de la reserva<\/h3>\t\t\t\t<\/div>\n\t\t\t\t<div class=\"elementor-element elementor-element-2dfd70a elementor-widget elementor-widget-text-editor\" data-id=\"2dfd70a\" data-element_type=\"widget\" data-widget_type=\"text-editor.default\">\n\t\t\t\t\t\t\t\t\t<p>Para confirmar su reserva, seleccione el n\u00famero de hu\u00e9spedes y complete toda la informaci\u00f3n solicitada.<\/p>\t\t\t\t\t\t\t\t<\/div>\n\t\t\t\t\t<\/div>\n\t\t\t\t<\/div>\n\t\t<div class=\"elementor-element elementor-element-54727da e-flex e-con-boxed e-con e-parent\" data-id=\"54727da\" data-element_type=\"container\">\n\t\t\t\t\t<div class=\"e-con-inner\">\n\t\t<div class=\"elementor-element elementor-element-a34252f e-con-full e-flex e-con e-child\" data-id=\"a34252f\" data-element_type=\"container\">\n\t\t\t\t<div class=\"elementor-element elementor-element-c716c5f elementor-widget elementor-widget-mphbe-checkout\" data-id=\"c716c5f\" data-element_type=\"widget\" data-widget_type=\"mphbe-checkout.default\">\n\t\t\t\t<div class=\"elementor-widget-container\">\n\t\t\t\t\t<div class=\"mphb_sc_checkout-wrapper \"><\/div>\t\t\t\t<\/div>\n\t\t\t\t<\/div>\n\t\t\t\t<\/div>\n\t\t\t\t\t<\/div>\n\t\t\t\t<\/div>\n\t\t\t\t<\/div>\n\t\t","protected":false},"excerpt":{"rendered":"<p>Confirmaci\u00f3n de la reserva Para confirmar su reserva, seleccione el n\u00famero de hu\u00e9spedes y complete toda la informaci\u00f3n solicitada.<\/p>\n","protected":false},"author":1,"featured_media":0,"parent":0,"menu_order":0,"comment_status":"closed","ping_status":"closed","template":"","meta":{"footnotes":""},"class_list":["post-537","page","type-page","status-publish","hentry"],"_links":{"self":[{"href":"https:\/\/bookings-icold-mexico-26.com\/es\/wp-json\/wp\/v2\/pages\/537","targetHints":{"allow":["GET"]}}],"collection":[{"href":"https:\/\/bookings-icold-mexico-26.com\/es\/wp-json\/wp\/v2\/pages"}],"about":[{"href":"https:\/\/bookings-icold-mexico-26.com\/es\/wp-json\/wp\/v2\/types\/page"}],"author":[{"embeddable":true,"href":"https:\/\/bookings-icold-mexico-26.com\/es\/wp-json\/wp\/v2\/users\/1"}],"replies":[{"embeddable":true,"href":"https:\/\/bookings-icold-mexico-26.com\/es\/wp-json\/wp\/v2\/comments?post=537"}],"version-history":[{"count":1,"href":"https:\/\/bookings-icold-mexico-26.com\/es\/wp-json\/wp\/v2\/pages\/537\/revisions"}],"predecessor-version":[{"id":538,"href":"https:\/\/bookings-icold-mexico-26.com\/es\/wp-json\/wp\/v2\/pages\/537\/revisions\/538"}],"wp:attachment":[{"href":"https:\/\/bookings-icold-mexico-26.com\/es\/wp-json\/wp\/v2\/media?parent=537"}],"curies":[{"name":"wp","href":"https:\/\/api.w.org\/{rel}","templated":true}]}}