{"id":1243,"date":"2025-09-01T17:00:14","date_gmt":"2025-09-01T17:00:14","guid":{"rendered":"https:\/\/bookings-icold-mexico-26.com\/politicas-de-reserva-2\/"},"modified":"2025-10-22T16:51:51","modified_gmt":"2025-10-22T16:51:51","slug":"politicas-de-reserva-2","status":"publish","type":"page","link":"https:\/\/bookings-icold-mexico-26.com\/es\/politicas-de-reserva-2\/","title":{"rendered":"Pol\u00edticas de reserva"},"content":{"rendered":"\t\t<div data-elementor-type=\"wp-page\" data-elementor-id=\"1243\" class=\"elementor elementor-1243 elementor-3\" data-elementor-post-type=\"page\">\n\t\t\t\t<div class=\"elementor-element elementor-element-1b60c541 e-flex e-con-boxed e-con e-parent\" data-id=\"1b60c541\" data-element_type=\"container\">\n\t\t\t\t\t<div class=\"e-con-inner\">\n\t\t<div class=\"elementor-element elementor-element-f596b0d e-con-full e-flex e-con e-child\" data-id=\"f596b0d\" data-element_type=\"container\">\n\t\t\t\t<div class=\"elementor-element elementor-element-14a19bf elementor-widget elementor-widget-heading\" data-id=\"14a19bf\" data-element_type=\"widget\" data-widget_type=\"heading.default\">\n\t\t\t\t\t<h5 class=\"elementor-heading-title elementor-size-default\">Pol\u00edticas de reserva<\/h5>\t\t\t\t<\/div>\n\t\t\t\t<div class=\"elementor-element elementor-element-1f4e49f elementor-widget-divider--view-line elementor-widget elementor-widget-divider\" data-id=\"1f4e49f\" data-element_type=\"widget\" data-widget_type=\"divider.default\">\n\t\t\t\t\t\t\t<div class=\"elementor-divider\">\n\t\t\t<span class=\"elementor-divider-separator\">\n\t\t\t\t\t\t<\/span>\n\t\t<\/div>\n\t\t\t\t\t\t<\/div>\n\t\t<div class=\"elementor-element elementor-element-4903648 e-con-full e-flex e-con e-child\" data-id=\"4903648\" data-element_type=\"container\">\n\t\t\t\t<div class=\"elementor-element elementor-element-1b07d89 elementor-widget elementor-widget-text-editor\" data-id=\"1b07d89\" data-element_type=\"widget\" data-widget_type=\"text-editor.default\">\n\t\t\t\t\t\t\t\t\t<p><strong>Registro de entrada anticipado y salida tard\u00eda<\/strong><\/p><p>Si se requiere un registro de entrada anticipado, se revisar\u00e1 de acuerdo con su reserva y, si hay disponibilidad, la habitaci\u00f3n se asignar\u00e1 de forma gratuita. Lo mismo se aplica a la salida tard\u00eda.<\/p><p><strong>SALIDAS ANTICIPADAS<\/strong><\/p><p>El comit\u00e9 organizador acuerda notificar a los hu\u00e9spedes que las salidas anticipadas incurrir\u00e1n en un cargo por el importe TOTAL de la estancia reservada m\u00e1s los impuestos a la cuenta principal o las garant\u00edas individuales, seg\u00fan corresponda.<\/p><p><strong>LLEGADAS ANTICIPADAS Y SALIDAS TARD\u00cdAS<\/strong><\/p><p>Cualquier llegada anticipada y\/o salida tard\u00eda, adem\u00e1s de lo que se indica en este contrato, no eximir\u00e1 de la tarifa por no presentaci\u00f3n ni se a\u00f1adir\u00e1 a la tarifa de recogida por d\u00eda, de acuerdo con las pol\u00edticas de cancelaci\u00f3n, ya que el bloqueo en el contrato se solicit\u00f3 con un n\u00famero espec\u00edfico de habitaciones por noche.<\/p><p><strong>CANCELACIONES<\/strong><\/p><p>Despu\u00e9s del 27 de febrero de 2026, cualquier cancelaci\u00f3n recibida resultar\u00e1 en un cargo por penalizaci\u00f3n correspondiente a la estancia completa, m\u00e1s impuestos, como si no se hubiera presentado.<\/p><p><strong>IMPORTANTE<\/strong><\/p><p>Una vez que se haya completado su pago, ya sea a trav\u00e9s de Stripe, PayPal o transferencia bancaria, se reflejar\u00e1 en la cuenta de ICOLD M\u00e9xico en un plazo de 48 a 72 horas h\u00e1biles.<\/p><p>Si se solicit\u00f3 una factura, se emitir\u00e1 y enviar\u00e1 una vez que se haya confirmado el pago.<\/p>\t\t\t\t\t\t\t\t<\/div>\n\t\t\t\t<\/div>\n\t\t\t\t<\/div>\n\t\t\t\t\t<\/div>\n\t\t\t\t<\/div>\n\t\t\t\t<\/div>\n\t\t","protected":false},"excerpt":{"rendered":"<p>Pol\u00edticas de reserva Registro de entrada anticipado y salida tard\u00eda Si se requiere un registro de entrada anticipado, se revisar\u00e1 de acuerdo con su reserva y, si hay disponibilidad, la habitaci\u00f3n se asignar\u00e1 de forma gratuita. Lo mismo se aplica a la salida tard\u00eda. SALIDAS ANTICIPADAS El comit\u00e9 organizador acuerda notificar a los hu\u00e9spedes que [&hellip;]<\/p>\n","protected":false},"author":1,"featured_media":0,"parent":0,"menu_order":0,"comment_status":"closed","ping_status":"open","template":"","meta":{"footnotes":""},"class_list":["post-1243","page","type-page","status-publish","hentry"],"_links":{"self":[{"href":"https:\/\/bookings-icold-mexico-26.com\/es\/wp-json\/wp\/v2\/pages\/1243","targetHints":{"allow":["GET"]}}],"collection":[{"href":"https:\/\/bookings-icold-mexico-26.com\/es\/wp-json\/wp\/v2\/pages"}],"about":[{"href":"https:\/\/bookings-icold-mexico-26.com\/es\/wp-json\/wp\/v2\/types\/page"}],"author":[{"embeddable":true,"href":"https:\/\/bookings-icold-mexico-26.com\/es\/wp-json\/wp\/v2\/users\/1"}],"replies":[{"embeddable":true,"href":"https:\/\/bookings-icold-mexico-26.com\/es\/wp-json\/wp\/v2\/comments?post=1243"}],"version-history":[{"count":1,"href":"https:\/\/bookings-icold-mexico-26.com\/es\/wp-json\/wp\/v2\/pages\/1243\/revisions"}],"predecessor-version":[{"id":1244,"href":"https:\/\/bookings-icold-mexico-26.com\/es\/wp-json\/wp\/v2\/pages\/1243\/revisions\/1244"}],"wp:attachment":[{"href":"https:\/\/bookings-icold-mexico-26.com\/es\/wp-json\/wp\/v2\/media?parent=1243"}],"curies":[{"name":"wp","href":"https:\/\/api.w.org\/{rel}","templated":true}]}}